{"id":9,"date":"2019-08-05T19:06:53","date_gmt":"2019-08-05T19:06:53","guid":{"rendered":"http:\/\/sparkmanvc1dev.wpenginepowered.com\/?page_id=9"},"modified":"2025-12-18T22:03:13","modified_gmt":"2025-12-18T22:03:13","slug":"home","status":"publish","type":"page","link":"https:\/\/www.caway2gofeeclassaction.com\/es\/","title":{"rendered":"Homepage &#8211; Bottom"},"content":{"rendered":"<p><b><span style=\"color: #ff0000;\">Actualizar<\/span>:\u00a0<\/b>El 8 de diciembre de 2025, el Tribunal emiti\u00f3 una resoluci\u00f3n <a href=\"http:\/\/www.caway2gofeeclassaction.com\/wp-content\/uploads\/2025\/12\/ORDER-signed-by-District-Judge-Daniel-J.-Calabretta-on-1282025-GRANTING-Plaintiffs-Motion.pdf\" target=\"_blank\" rel=\"noopener\">Order Granting Plaintiff&#8217;s Motion for Summary Judgment<\/a>. Los demandados presentaron un recurso de apelaci\u00f3n contra la sentencia el 9 de diciembre de 2025.<\/p>\n<h2>Informacion del caso<\/h2>\n<p style=\"text-align: justify;\">La demandante es Paula Sparkman y los demandados, Conduent State &amp; Local Solutions, Inc., y Comerica Bank: se alega que la pr\u00e1ctica que llevaron a cabo los demandados, que consiste en haber cobrado a los usuarios de tarjetas California Way2Go una tarifa de $0.50 por llamar a la l\u00ednea IVR del servicio al cliente de Conduent, es una pr\u00e1ctica injusta en violaci\u00f3n de la Ley de Competencia Desleal de California. La demanda se presenta en nombre de las personas a quienes se les emiti\u00f3 una tarjeta de d\u00e9bito prepaga California Way2Go y a cuyas cuentas de Way2Go se cobr\u00f3 una tarifa de $0.50 por llamar a la l\u00ednea de asistencia al cliente de Conduent.<\/p>\n<h2>\u00bfQui\u00e9nes son los miembros del colectivo?<\/h2>\n<p style=\"text-align: justify;\">El colectivo incluye a todas las personas a nombre de quienes se emiti\u00f3 una tarjeta Mastercard\u00ae prepaga California Way2Go Card\u00ae y a cuyas cuentas se cobr\u00f3 al menos una tarifa de $0.50 por llamar al sistema telef\u00f3nico IVR de los demandados.<\/p>\n<h2>Sus derechos y opciones legales<\/h2>\n<div class=\"su-table su-table-responsive su-table-alternate\">\n<table>\n<tbody>\n<tr>\n<td>\n<h3>Opciones y plazo<\/h3>\n<\/td>\n<td>\n<h3>Sus derechos legales<\/h3>\n<\/td>\n<\/tr>\n<tr>\n<td>\n<h4><strong><span style=\"font-size: 16px\">No hacer nada<\/span><\/strong><\/h4>\n<p>sin plazo<\/td>\n<td><strong>Continuar con esta demanda. Esperar el resultado. Renunciar a ciertos derechos.<\/strong>.<\/p>\n<p style=\"text-align: justify\">Si no hace nada, ser\u00e1 parte de la demanda y sus derechos se ver\u00e1n afectados por el resultado. No podr\u00e1 iniciar, continuar ni participar de ninguna otra demanda contra Conduent State &amp; Local Solutions, Inc., ni Comerica Bank en relaci\u00f3n con los asuntos que se plantean en este caso. Tambi\u00e9n estar\u00e1 legalmente obligado por todas las \u00f3rdenes y las sentencias que dicte el tribunal en esta demanda.<\/p>\n<\/td>\n<\/tr>\n<tr>\n<td>\n<h4><strong><span style=\"font-size: 16px\">Optar por no participar en el caso<\/span><\/strong><\/h4>\n<p><span style=\"color: #ff0000\">fecha l\u00edmite pasada<\/span><\/td>\n<td><strong>Salirse de esta demanda. No recibir dinero ni beneficios. Conservar los derechos.<\/strong><\/p>\n<p style=\"text-align: justify\">Si opta por no participar, no obtendr\u00e1 nada de dinero ni los beneficios que pueda lograr la demandante como resultado del juicio o del acuerdo al que se llegue con esta demanda. Sin embargo, conservar\u00e1 su derecho a demandar a Conduent State &amp; Local Solutions, Inc., y a Comerica Bank.<\/p>\n<\/td>\n<\/tr>\n<\/tbody>\n<\/table>\n<\/div>\n<h2>Fechas y plazos<\/h2>\n<p style=\"text-align: left;\"><div class=\"su-row\"><div class=\"su-column su-column-size-1-2\"><div class=\"su-column-inner su-u-clearfix su-u-trim\"><div class=\"su-note\"  style=\"border-color:#40aba9;border-radius:3px;-moz-border-radius:3px;-webkit-border-radius:3px;\"><div class=\"su-note-inner su-u-clearfix su-u-trim\" style=\"background-color:#5ac5c3;border-color:#ffffff;color:#012f47;border-radius:3px;-moz-border-radius:3px;-webkit-border-radius:3px;\">\n<p style=\"text-align: center;\"><span style=\"font-size: 24px;\"><strong>Fecha de exclusion<\/strong><\/span><\/p>\n<p style=\"text-align: center;\"><em>11 de julio de 2025<\/em><\/p>\n<p style=\"text-align: left;\"><\/div><\/div><\/div><\/div><div class=\"su-column su-column-size-1-2\"><div class=\"su-column-inner su-u-clearfix su-u-trim\"><div class=\"su-note\"  style=\"border-color:#7aaf3f;border-radius:3px;-moz-border-radius:3px;-webkit-border-radius:3px;\"><div class=\"su-note-inner su-u-clearfix su-u-trim\" style=\"background-color:#94c959;border-color:#ffffff;color:#012f47;border-radius:3px;-moz-border-radius:3px;-webkit-border-radius:3px;\">\n<p style=\"text-align: center;\"><span style=\"font-size: 24px;\"><strong>Fecha del juicio<\/strong><\/span><\/p>\n<p style=\"text-align: center;\"><em>13 de abril de 2026<\/em><\/p>\n<p style=\"text-align: left;\"><\/div><\/div><\/div><\/div><\/div>","protected":false},"excerpt":{"rendered":"<p>UPDATE:\u00a0On December 8, 2025, the Court issued an Order Granting Plaintiff&#8217;s Motion for Summary Judgment. Defendants filed an appeal of&hellip;<\/p>","protected":false},"author":3,"featured_media":0,"parent":0,"menu_order":0,"comment_status":"closed","ping_status":"closed","template":"","meta":{"footnotes":""},"class_list":["post-9","page","type-page","status-publish","hentry"],"_links":{"self":[{"href":"https:\/\/www.caway2gofeeclassaction.com\/es\/wp-json\/wp\/v2\/pages\/9","targetHints":{"allow":["GET"]}}],"collection":[{"href":"https:\/\/www.caway2gofeeclassaction.com\/es\/wp-json\/wp\/v2\/pages"}],"about":[{"href":"https:\/\/www.caway2gofeeclassaction.com\/es\/wp-json\/wp\/v2\/types\/page"}],"author":[{"embeddable":true,"href":"https:\/\/www.caway2gofeeclassaction.com\/es\/wp-json\/wp\/v2\/users\/3"}],"replies":[{"embeddable":true,"href":"https:\/\/www.caway2gofeeclassaction.com\/es\/wp-json\/wp\/v2\/comments?post=9"}],"version-history":[{"count":0,"href":"https:\/\/www.caway2gofeeclassaction.com\/es\/wp-json\/wp\/v2\/pages\/9\/revisions"}],"wp:attachment":[{"href":"https:\/\/www.caway2gofeeclassaction.com\/es\/wp-json\/wp\/v2\/media?parent=9"}],"curies":[{"name":"wp","href":"https:\/\/api.w.org\/{rel}","templated":true}]}}